{"id":105,"date":"2026-04-13T09:01:54","date_gmt":"2026-04-13T09:01:54","guid":{"rendered":"http:\/\/uplineleather.com\/?page_id=105"},"modified":"2026-04-14T04:31:43","modified_gmt":"2026-04-14T04:31:43","slug":"hakkimizda","status":"publish","type":"page","link":"http:\/\/uplineleather.com\/index.php\/hakkimizda\/","title":{"rendered":"Upline Deri Sanayi Ltd. \u015eti"},"content":{"rendered":"<p>Yakla\u015f\u0131k 25 y\u0131l\u0131 a\u015fk\u0131n s\u00fcredir Havac\u0131l\u0131k , Otomotiv , Rayl\u0131 sistemler  , \u015eehirleraras\u0131 Otob\u00fcs ve Mobilya sekt\u00f6rlerine koltuk d\u00f6\u015feme malzemeleri tedari\u011fi yapan firmalarda g\u00f6rev ald\u0131ktan sonra t\u00fcm deneyimlerimize dayanarak <strong>Upline Deri Sanayi Ltd. \u015eirketini<\/strong> kurup yola devam ediyoruz .  Bu g\u00fcne kadar oldu\u011fu gibi bundan sonra da ana prensibimiz ticarette g\u00fcven ve huzur olacakt\u0131r. \u0130lkelerimiz \u0131\u015f\u0131\u011f\u0131nda firma ve m\u00fc\u015fteri \u00e7\u0131karlar\u0131n\u0131 daima dengeli bir zemine oturtan ve tedarik etti\u011fi \u00fcr\u00fcn\u00fcn u\u00e7tan uca t\u00fcm sorumlulu\u011fu \u00fcstlenen bir bak\u0131\u015f a\u00e7\u0131s\u0131 ile hizmet vermeye devam edece\u011fiz .<\/p>\n<p>Bu s\u00fcre\u00e7te t\u00fcm de\u011ferli i\u015f ortaklar\u0131m\u0131z ile omuz omuza ilerlemek dile\u011fi ile &#8230;<\/p>\n","protected":false},"excerpt":{"rendered":"<p>Yakla\u015f\u0131k 25 y\u0131l\u0131 a\u015fk\u0131n s\u00fcredir Havac\u0131l\u0131k , Otomotiv , Rayl\u0131 sistemler , \u015eehirleraras\u0131 Otob\u00fcs ve Mobilya sekt\u00f6rlerine koltuk d\u00f6\u015feme malzemeleri tedari\u011fi yapan firmalarda g\u00f6rev ald\u0131ktan sonra t\u00fcm deneyimlerimize dayanarak Upline Deri Sanayi Ltd. \u015eirketini kurup yola devam ediyoruz . Bu g\u00fcne kadar oldu\u011fu gibi bundan sonra da ana prensibimiz ticarette g\u00fcven ve huzur olacakt\u0131r. \u0130lkelerimiz [&hellip;]<\/p>\n","protected":false},"author":1,"featured_media":0,"parent":0,"menu_order":0,"comment_status":"closed","ping_status":"closed","template":"","meta":{"footnotes":""},"class_list":["post-105","page","type-page","status-publish","hentry"],"_links":{"self":[{"href":"http:\/\/uplineleather.com\/index.php\/wp-json\/wp\/v2\/pages\/105","targetHints":{"allow":["GET"]}}],"collection":[{"href":"http:\/\/uplineleather.com\/index.php\/wp-json\/wp\/v2\/pages"}],"about":[{"href":"http:\/\/uplineleather.com\/index.php\/wp-json\/wp\/v2\/types\/page"}],"author":[{"embeddable":true,"href":"http:\/\/uplineleather.com\/index.php\/wp-json\/wp\/v2\/users\/1"}],"replies":[{"embeddable":true,"href":"http:\/\/uplineleather.com\/index.php\/wp-json\/wp\/v2\/comments?post=105"}],"version-history":[{"count":10,"href":"http:\/\/uplineleather.com\/index.php\/wp-json\/wp\/v2\/pages\/105\/revisions"}],"predecessor-version":[{"id":188,"href":"http:\/\/uplineleather.com\/index.php\/wp-json\/wp\/v2\/pages\/105\/revisions\/188"}],"wp:attachment":[{"href":"http:\/\/uplineleather.com\/index.php\/wp-json\/wp\/v2\/media?parent=105"}],"curies":[{"name":"wp","href":"https:\/\/api.w.org\/{rel}","templated":true}]}}