{"id":132,"date":"2026-04-13T19:02:22","date_gmt":"2026-04-13T19:02:22","guid":{"rendered":"http:\/\/uplineleather.com\/?page_id=132"},"modified":"2026-04-14T04:28:22","modified_gmt":"2026-04-14T04:28:22","slug":"sektorler","status":"publish","type":"page","link":"http:\/\/uplineleather.com\/index.php\/sektorler\/","title":{"rendered":"Sekt\u00f6rler"},"content":{"rendered":"<p>Havac\u0131l\u0131k Koleksiyonu<\/p>\n<p>Otomotiv Koleksiyonu<\/p>\n<p>D\u00f6\u015femelik Koleksiyonu<\/p>\n<p>Demiryolu Koleksiyonu<\/p>\n<p>Yat Koleksiyonu<\/p>\n<p>Kontract ve Proje Koleksiyonu<\/p>\n","protected":false},"excerpt":{"rendered":"<p>Havac\u0131l\u0131k Koleksiyonu Otomotiv Koleksiyonu D\u00f6\u015femelik Koleksiyonu Demiryolu Koleksiyonu Yat Koleksiyonu Kontract ve Proje Koleksiyonu<\/p>\n","protected":false},"author":1,"featured_media":0,"parent":0,"menu_order":0,"comment_status":"closed","ping_status":"closed","template":"","meta":{"footnotes":""},"class_list":["post-132","page","type-page","status-publish","hentry"],"_links":{"self":[{"href":"http:\/\/uplineleather.com\/index.php\/wp-json\/wp\/v2\/pages\/132","targetHints":{"allow":["GET"]}}],"collection":[{"href":"http:\/\/uplineleather.com\/index.php\/wp-json\/wp\/v2\/pages"}],"about":[{"href":"http:\/\/uplineleather.com\/index.php\/wp-json\/wp\/v2\/types\/page"}],"author":[{"embeddable":true,"href":"http:\/\/uplineleather.com\/index.php\/wp-json\/wp\/v2\/users\/1"}],"replies":[{"embeddable":true,"href":"http:\/\/uplineleather.com\/index.php\/wp-json\/wp\/v2\/comments?post=132"}],"version-history":[{"count":4,"href":"http:\/\/uplineleather.com\/index.php\/wp-json\/wp\/v2\/pages\/132\/revisions"}],"predecessor-version":[{"id":184,"href":"http:\/\/uplineleather.com\/index.php\/wp-json\/wp\/v2\/pages\/132\/revisions\/184"}],"wp:attachment":[{"href":"http:\/\/uplineleather.com\/index.php\/wp-json\/wp\/v2\/media?parent=132"}],"curies":[{"name":"wp","href":"https:\/\/api.w.org\/{rel}","templated":true}]}}